{"id":46017,"date":"2022-02-17T11:48:35","date_gmt":"2022-02-17T10:48:35","guid":{"rendered":"https:\/\/www.technisem-innovation.com\/V2\/condicoes-gerais-de-utilizacao-da-plataforma-ambassadeur\/"},"modified":"2022-02-17T11:48:42","modified_gmt":"2022-02-17T10:48:42","slug":"condicoes-gerais-de-utilizacao-da-plataforma-ambassadeur","status":"publish","type":"page","link":"https:\/\/www.technisem-innovation.com\/pt-pt\/condicoes-gerais-de-utilizacao-da-plataforma-ambassadeur\/","title":{"rendered":"CONDI\u00c7\u00d5ES GERAIS DE UTILIZA\u00c7\u00c3O DA PLATAFORMA AMBASSADEUR"},"content":{"rendered":"<p>O presente texto rege as condi\u00e7\u00f5es em que os Utilizadores ter\u00e3o acesso aos servi\u00e7os oferecidos pela Plataforma Ambassadeur, e especifica as obriga\u00e7\u00f5es a que est\u00e3o vinculados. O acesso \u00e0 Plataforma est\u00e1 sujeito \u00e0 aceita\u00e7\u00e3o total destes termos.<\/p>\n<p><\/p>\n<p>INFORMA\u00c7\u00c3O LEGAL:<\/p>\n<p>A Plataforma Ambassadeur est\u00e1 dispon\u00edvel em www.technisem-innovation.com (daqui em diante o &#8220;Site&#8221;) e \u00e9 propriedade de:<\/p>\n<p>TECHNISEM S.A.S (doravante &#8220;TECHNISEM&#8221; ou &#8220;N\u00f3s&#8221;),<\/p>\n<p>Zona Anjou Actiparc de Jumelles<\/p>\n<p>49160 &#8211; Longu\u00e9-Jumelles &#8211; Fran\u00e7a<\/p>\n<p>N.\u00ba SIREN: 332 250 836<\/p>\n<p>Tel.: +33 (0)2 41 38 39 39<\/p>\n<p><\/p>\n<p>Alojamento:<\/p>\n<p>REDE INFOMANIAK SA,<\/p>\n<p>Rue Eug\u00e8ne-Marziano 25, 1227 Genebra SU\u00cd\u00c7A<\/p>\n<p>N\u00b0 IDE e IVA: CHE-103.167.648<\/p>\n<p><\/p>\n<h3>1. DEFINI\u00c7\u00d5ES:<\/h3>\n<p>Abaixo est\u00e3o os significados que damos a algumas das palavras que aparecem neste documento:<\/p>\n<p>DADOS PESSOAIS: Esta \u00e9 qualquer informa\u00e7\u00e3o relativa a um indiv\u00edduo identificado ou identific\u00e1vel. A Plataforma s\u00f3 recolhe o nome e o endere\u00e7o de e-mail quando \u00e9 criada uma conta de utilizador.<\/p>\n<p>ADMINISTRADOR: Este termo refere-se \u00e0 entidade que modera as intera\u00e7\u00f5es na Plataforma;<\/p>\n<p>FOR\u00c7A MAIOR: Um acontecimento imprevis\u00edvel e intranspon\u00edvel externo ao Administrador que o impede de cumprir a sua obriga\u00e7\u00e3o.<\/p>\n<p>UTILIZADOIR: Refere-se a qualquer pessoa singular que tenha uma conta na Plataforma.<\/p>\n<p>TESTADOR: \u00c9 qualquer pessoa, profissional ou n\u00e3o, apaixonado pela agricultura, Utilizador da Plataforma que ter\u00e1 recebido Material da TECHNISEM e ser\u00e1 respons\u00e1vel por test\u00e1-lo de acordo com as especifica\u00e7\u00f5es definidas por N\u00f3s e por fornecer feedback sob a forma de uma Contribui\u00e7\u00e3o sobre a Plataforma;<\/p>\n<p>MATERIAL: Sementes ou ferramentas agr\u00edcolas pertencentes \u00e0 TECHNISEM e colocadas \u00e0 disposi\u00e7\u00e3o do Testador.<\/p>\n<p>CONTRIBUI\u00c7\u00c3O: Refere-se \u00e0 publica\u00e7\u00e3o gratuita e volunt\u00e1ria por um Testador na Plataforma de um texto, imagem, v\u00eddeo ou qualquer outra forma de conte\u00fado, em particular uma ideia, uma solu\u00e7\u00e3o, um desenvolvimento, uma melhoria, uma resposta a um inqu\u00e9rito, um question\u00e1rio, relat\u00f3rios de testes, etc.<\/p>\n<p>ACORDO DE TRANSFER\u00caNCIA MATERIAL (MTA): Contrato que enquadra as condi\u00e7\u00f5es de transfer\u00eancia e utiliza\u00e7\u00e3o de sementes ou ferramentas agr\u00edcolas entre TECHNISEM e um Testador.<\/p>\n<p>PLATAFORMA: Esta \u00e9 a Plataforma Ambassadeur, tal como estabelecido nestes Termos de Utiliza\u00e7\u00e3o.<\/p>\n<p><\/p>\n<h3>2. FINALIDADE:<\/h3>\n<p>A empresa TECHNISEM desenvolveu uma plataforma que re\u00fane os entusiastas da agricultura, a maioria dos quais vive em \u00c1frica, nas Cara\u00edbas e no Sudeste Asi\u00e1tico. Est\u00e1 acess\u00edvel no website www.technisem-innovation.com.<\/p>\n<p>Estes Termos aplicam-se entre a empresa TECHNISEM e qualquer Utilizador da Plataforma. Qualquer utiliza\u00e7\u00e3o da Plataforma est\u00e1, portanto, sujeita \u00e0 aceita\u00e7\u00e3o pr\u00e9via destes Termos Gerais de Utiliza\u00e7\u00e3o.<\/p>\n<p>A navega\u00e7\u00e3o e a participa\u00e7\u00e3o em interc\u00e2mbios s\u00e3o gratuitas.<\/p>\n<p>Atrav\u00e9s da Plataforma, os Testadores podem receber:<\/p>\n<p>\u00b7&nbsp;&nbsp;&nbsp;&nbsp;&nbsp;&nbsp; V\u00e1rias variedades originais de um prot\u00f3tipo de semente em investiga\u00e7\u00e3o e desenvolvimento a serem comercializadas pela TECHNISEM e\/ou pelos seus parceiros e variedades em investiga\u00e7\u00e3o e desenvolvimento;<\/p>\n<p>\u00b7&nbsp;&nbsp;&nbsp;&nbsp;&nbsp;&nbsp; Maquinaria agr\u00edcola e em geral todos os fatores de produ\u00e7\u00e3o agr\u00edcola;<\/p>\n<p><\/p>\n<h3>3.&nbsp;&nbsp;&nbsp;&nbsp; DESCRI\u00c7\u00c3O DAS FUNCIONALIDADES:<\/h3>\n<p>Dependendo do pa\u00eds de utiliza\u00e7\u00e3o, o Utilizador ter\u00e1 acesso \u00e0s seguintes funcionalidades:<\/p>\n<p>\u00b7&nbsp;&nbsp;&nbsp;&nbsp;&nbsp;&nbsp; A cria\u00e7\u00e3o de inqu\u00e9ritos sobre v\u00e1rios temas relacionados com sementes propostos pelo Administrador;<\/p>\n<p>\u00b7&nbsp;&nbsp;&nbsp;&nbsp;&nbsp;&nbsp; Participa\u00e7\u00e3o na cria\u00e7\u00e3o de nomes de variedades;<\/p>\n<p>\u00b7&nbsp;&nbsp;&nbsp;&nbsp;&nbsp;&nbsp; A resposta aos question\u00e1rios sobre:<\/p>\n<p>o&nbsp;&nbsp; Feedback sobre a utiliza\u00e7\u00e3o de Material fornecido peloMaterial TECHNISEM;<\/p>\n<p>o&nbsp;&nbsp; Contribuir para o desenvolvimento de novas variedades de sementes;<\/p>\n<p>o&nbsp;&nbsp; Valida\u00e7\u00e3o de um pacote;<\/p>\n<p>Deve-se notar que as funcionalidades e t\u00f3picos acima mencionados n\u00e3o s\u00e3o exaustivos e podem mudar \u00e0 medida que a Plataforma for sendo atualizada.<\/p>\n<p><\/p>\n<h3>4. ACESSO AOS SERVI\u00c7OS:<\/h3>\n<p>O acesso \u00e0 Plataforma \u00e9 reservado aos Utilizadores maiores de idade e com capacidade legal ao abrigo das disposi\u00e7\u00f5es legais em vigor no seu pa\u00eds de utiliza\u00e7\u00e3o.<\/p>\n<p>O acesso \u00e0 Plataforma \u00e9 gratuito. No entanto, nem o Material eletr\u00f3nico necess\u00e1rio para aceder ao mesmo (telefone multim\u00e9dia, computador, tablet, etc.) nem a liga\u00e7\u00e3o \u00e0 Internet s\u00e3o fornecidos pelo Administrador.<\/p>\n<p><\/p>\n<h4>4.1. Cria\u00e7\u00e3o da conta<\/h4>\n<p>A navega\u00e7\u00e3o na plataforma est\u00e1 sujeita \u00e0 cria\u00e7\u00e3o pr\u00e9via de uma conta de utilizador. Para se registar, o Utilizador deve introduzir o seu nome, endere\u00e7o eletr\u00f3nico, n\u00famero de telefone e pa\u00eds de localiza\u00e7\u00e3o no formul\u00e1rio fornecido. Os interc\u00e2mbios no f\u00f3rum ter\u00e3o lugar sob a cobertura de um pseud\u00f3nimo.<\/p>\n<p><\/p>\n<h4>4.2 Conta do Testador<\/h4>\n<p>Os utilizadores que desejem realizar testes devem apresentar uma candidatura na Plataforma para o efeito. O Administrador reserva-se o direito de selecionar os Utilizadores que melhor correspondam aos perfis procurados. Os Utilizadores selecionados receber\u00e3o um e-mail de valida\u00e7\u00e3o assim como o procedimento a seguir para a rece\u00e7\u00e3o do Material e a realiza\u00e7\u00e3o do(s) teste(s).<\/p>\n<p>O Administrador reserva-se o direito de utilizar todas as medidas t\u00e9cnicas para verificar a exatid\u00e3o das informa\u00e7\u00f5es fornecidas pelo Utilizador.<\/p>\n<p><\/p>\n<h4>4.3. Funcionamento da Plataforma<\/h4>\n<p>A intera\u00e7\u00e3o no f\u00f3rum \u00e9 gratuita. Os utilizadores podem ser convidados a fazer contribui\u00e7\u00f5es sobre v\u00e1rios t\u00f3picos, como descrito no artigo 3 acima.<\/p>\n<p>A fim de validar as suas sess\u00f5es de teste, os Testadores devem preencher e submeter os formul\u00e1rios fornecidos, e enviar fotografias e\/ou v\u00eddeos ilustrando as diferentes fases dos testes de acordo com os per\u00edodos previamente definidos.<\/p>\n<p>Os Testadores que tenham realizado testes semelhantes ser\u00e3o convidados a trocar com TECHNISEM a fim de partilharem os seus respetivos coment\u00e1rios.<\/p>\n<p><\/p>\n<h4>4.4 Procedimento dos testes:<\/h4>\n<p>Uma vez selecionados, os Testadores podem ser solicitados a realizar testes em amostras de Material de acordo com uma especifica\u00e7\u00e3o pr\u00e9-estabelecida e utilizando o m\u00e9todo recomendado pelos Nossos servi\u00e7os. Ser\u00e3o obrigados a fornecer feedback em diferentes fases do projeto. Para cada um dos testes mencionados no artigo 2 acima mencionado, os Testadores receber\u00e3o, portanto, uma amostra do Material a ser testado, bem como um question\u00e1rio, uma folha de teste e uma caixa multibanco. O Testador \u00e9 obrigado a ler, assinar e devolver o MTA assim que as amostras forem recebidas. A devolu\u00e7\u00e3o do MTA assinado \u00e9 um requisito obrigat\u00f3rio e n\u00e3o pode ser renunciado pelo Testador.<\/p>\n<p>Para testes de sementes, as fases s\u00e3o: germina\u00e7\u00e3o, crescimento, flora\u00e7\u00e3o, poliniza\u00e7\u00e3o e finalmente colheita.<\/p>\n<p>Deve lembrar-se que os Testadores n\u00e3o devem multiplicar, vender ou replantar a semente ou fazer qualquer outro uso da semente que n\u00e3o aquele para o qual a receberam.&nbsp;<\/p>\n<p><\/p>\n<h4>4.5. Retribui\u00e7\u00f5es:<\/h4>\n<p><br data-mce-bogus=\"1\"><\/p>\n<p>TECHNISEM reserva-se o direito de utilizar ou n\u00e3o as Contribui\u00e7\u00f5es feitas pelos Testadores. Al\u00e9m disso, as suas contribui\u00e7\u00f5es n\u00e3o d\u00e3o direito a qualquer contrapartida de qualquer tipo. Seja pecuni\u00e1ria ou n\u00e3o, nem \u00e0 nos resultados resultantes do Material testado. A participa\u00e7\u00e3o dos Testadores n\u00e3o cria qualquer rela\u00e7\u00e3o jur\u00eddica compar\u00e1vel a uma parceria, servi\u00e7o ou contrato de trabalho entre a TECHNISEM e os Testadores.<\/p>\n<p><\/p>\n<h3>5.&nbsp;&nbsp;&nbsp;&nbsp; PROPRIEDADE INTELECTUAL<\/h3>\n<p>O Administrador concede uma licen\u00e7a gratuita e n\u00e3o exclusiva ao Utilizador para que este possa tirar o m\u00e1ximo partido das funcionalidades oferecidas na Plataforma.<\/p>\n<p>As marcas, desenhos, logotipos, sinais, imagens, textos, a carta gr\u00e1fica e todo o conte\u00fado presente na Plataforma continuam a ser propriedade plena e completa da TECHNISEM.<\/p>\n<p>A licen\u00e7a \u00e9 concedida para uso privado. \u00c9, portanto, inalien\u00e1vel e intransfer\u00edvel. Qualquer uso comercial ou publicit\u00e1rio \u00e9 estritamente proibido. Qualquer representa\u00e7\u00e3o total ou parcial da Plataforma, por qualquer meio, requer o consentimento expresso por escrito da TECHNISEM.<\/p>\n<p>A licen\u00e7a \u00e9 concedida para todo o mundo e \u00e9 v\u00e1lida enquanto a Plataforma for disponibilizada pela TECHNISEM.<\/p>\n<p>Al\u00e9m disso, o Utilizador est\u00e1 proibido de reproduzir, publicar, copiar, modificar, distribuir, descarregar, guardar ou adaptar todo ou parte do conte\u00fado da Plataforma sem autoriza\u00e7\u00e3o pr\u00e9via do Administrador.<\/p>\n<p><\/p>\n<h3>6.&nbsp;&nbsp;&nbsp;&nbsp; AS CONTRIBUI\u00c7\u00d5ES<\/h3>\n<p>O princ\u00edpio da Plataforma \u00e9 a cria\u00e7\u00e3o de obras coletivas na sequ\u00eancia das m\u00faltiplas intera\u00e7\u00f5es feitas pelos Testadores e equipas t\u00e9cnicas do TECHNISEM no f\u00f3rum. Os trabalhos resultantes destes interc\u00e2mbios s\u00e3o criados por iniciativa da TECHNISEM e a TECHNISEM suporta a totalidade dos custos de produ\u00e7\u00e3o, comercializa\u00e7\u00e3o e investimento na Plataforma. Quer seja o custo de cria\u00e7\u00e3o, manuten\u00e7\u00e3o, alojamento ou qualquer outro custo relacionado. Como resultado, tem plena propriedade de todas as obras que resultam das Contribui\u00e7\u00f5es feitas na Plataforma. \u00c9 tamb\u00e9m o \u00fanico propriet\u00e1rio de todos os direitos de propriedade intelectual que possam resultar da obra criada. Em particular, e sem que esta lista seja exaustiva, o direito de reprodu\u00e7\u00e3o, adapta\u00e7\u00e3o, comunica\u00e7\u00e3o, fixa\u00e7\u00e3o em qualquer suporte, publica\u00e7\u00e3o, utiliza\u00e7\u00e3o de derivados, explora\u00e7\u00e3o gratuita ou contra pagamento da totalidade ou parte da obra em quest\u00e3o.<\/p>\n<p>Al\u00e9m disso, TECHNISEM ou uma das suas empresas parceiras reserva-se o direito de determinar se deve ou n\u00e3o proteger uma obra criada como resultado das Contribui\u00e7\u00f5es e outros interc\u00e2mbios na Plataforma. Nesse caso, s\u00f3 TECHNISEM ter\u00e1 o direito de requerer um direito de propriedade intelectual sobre a totalidade ou parte da obra criada. Isto pode incluir desenhos, patentes, marcas registadas, direitos de criadores de plantas ou nomes de dom\u00ednio com a OAPI ou qualquer outro organismo competente.<\/p>\n<p>O Testador certifica que \u00e9 o propriet\u00e1rio dos direitos ao conte\u00fado multim\u00e9dia, ou seja, imagens, v\u00eddeos, \u00e1udio e textos que publica no f\u00f3rum. Para o efeito, concede uma licen\u00e7a gratuita e exclusiva para utilizar todo o conte\u00fado que publica na Plataforma.<\/p>\n<h4>6.1. Autoriza\u00e7\u00e3o para utilizar os direitos de imagem do Testador:<\/h4>\n<p>As imagens e\/ou vozes capturadas durante as sess\u00f5es de teste podem ser utilizadas pela TECHNISEM e\/ou pelas suas empresas parceiras para fins de comunica\u00e7\u00e3o em meios digitais, ou seja, redes sociais, websites e\/ou os seus meios f\u00edsicos, ou seja, brochuras, cat\u00e1logos, folhetos e outros meios de comunica\u00e7\u00e3o, etc. Portanto, qualquer Testador que aceite realizar testes em amostras do Material recebido no \u00e2mbito da Plataforma Ambassadeur autoriza a TECHNISEM a utilizar gratuitamente a sua imagem e\/ou voz capturadas durante as sess\u00f5es de teste em amostras do Material recebido. Esta autoriza\u00e7\u00e3o \u00e9 v\u00e1lida em todo o mundo e por um per\u00edodo de cinco anos a partir da aceita\u00e7\u00e3o destes Termos.&nbsp;&nbsp;&nbsp;&nbsp;<\/p>\n<p><\/p>\n<h3>ATUALIZA\u00c7\u00d5ES<\/h3>\n<h4>7.1. Atualiza\u00e7\u00e3o da plataforma<\/h4>\n<p>O Administrador reserva-se o direito de modificar unilateralmente toda ou parte da Plataforma sem aviso pr\u00e9vio ou atraso, de limitar o acesso \u00e0 mesma ou de a retirar do mercado tempor\u00e1ria ou permanentemente.&nbsp;<\/p>\n<p>O Administrador n\u00e3o ser\u00e1 considerado respons\u00e1vel por quaisquer consequ\u00eancias nocivas resultantes desta atualiza\u00e7\u00e3o.<\/p>\n<p><\/p>\n<h4>7.2. Modifica\u00e7\u00e3o das Condi\u00e7\u00f5es Gerais de Utiliza\u00e7\u00e3o<\/h4>\n<p>A totalidade ou parte destas condi\u00e7\u00f5es podem ser sujeitas a altera\u00e7\u00f5es unilaterais. Neste caso, o Utilizador ser\u00e1 solicitado a dar o seu consentimento. Se n\u00e3o o fizer, o acesso \u00e0 Plataforma ser\u00e1 restringido.<\/p>\n<p><\/p>\n<h3>8.&nbsp;&nbsp;&nbsp;&nbsp; ADMINISTRA\u00c7\u00c3O DA PLATAFORMA&nbsp;<\/h3>\n<h4>8.1. Modera\u00e7\u00e3o na Plataforma<\/h4>\n<p>As intera\u00e7\u00f5es na Plataforma s\u00e3o moderadas pelo Administrador. Para este efeito, o Administrador reserva-se o direito de apagar um coment\u00e1rio, restringir o acesso, suspender ou mesmo apagar o perfil de qualquer Utilizador que n\u00e3o respeite as regras do f\u00f3rum.<\/p>\n<h4>8.2. Regras a respeitar no f\u00f3rum<\/h4>\n<p>O acesso ao f\u00f3rum \u00e9, em princ\u00edpio, livre, o Utilizador assume total responsabilidade pelos coment\u00e1rios que publica.<\/p>\n<p>No entanto, certas regras devem ser respeitadas no que diz respeito \u00e0 natureza dos coment\u00e1rios publicados. Os coment\u00e1rios e outras contribui\u00e7\u00f5es dos utilizadores n\u00e3o devem:<\/p>\n<p>\u00b7&nbsp;&nbsp;&nbsp;&nbsp;&nbsp;&nbsp; Ser contr\u00e1rio \u00e0 ordem p\u00fablica e \u00e0 moralidade no pa\u00eds de utiliza\u00e7\u00e3o e em Fran\u00e7a;<\/p>\n<p>\u00b7&nbsp;&nbsp;&nbsp;&nbsp;&nbsp;&nbsp; Ser difamat\u00f3rio, amea\u00e7ador, violento, insultuoso, ou prejudicial \u00e0 reputa\u00e7\u00e3o ou imagem de uma pessoa singular ou coletiva;<\/p>\n<p>\u00b7&nbsp;&nbsp;&nbsp;&nbsp;&nbsp;&nbsp; Incitar ao \u00f3dio, racismo, viol\u00eancia, suic\u00eddio, xenofobia, sexismo, antissemitismo, homofobia, defesa do terrorismo, crimes de guerra ou crimes contra a humanidade;<\/p>\n<p>\u00b7&nbsp;&nbsp;&nbsp;&nbsp;&nbsp;&nbsp; Incitar \u00e0 discrimina\u00e7\u00e3o contra uma pessoa com base na ra\u00e7a, religi\u00e3o, etnia, cren\u00e7a pol\u00edtica, g\u00e9nero, orienta\u00e7\u00e3o sexual, religi\u00e3o ou defici\u00eancia;<\/p>\n<p>\u00b7&nbsp;&nbsp;&nbsp;&nbsp;&nbsp;&nbsp; Ser ilegal ou contr\u00e1rio a qualquer lei, seja de que forma for;<\/p>\n<p>\u00b7&nbsp;&nbsp;&nbsp;&nbsp;&nbsp;&nbsp; Ser er\u00f3tico (poses pornogr\u00e1ficas, obscenas ou provocativas), pedofilia;<\/p>\n<p>\u00b7&nbsp;&nbsp;&nbsp;&nbsp;&nbsp;&nbsp; Subverter a integridade de qualquer Estado, povo ou territ\u00f3rio ou das institui\u00e7\u00f5es de qualquer pa\u00eds;<\/p>\n<p>\u00b7&nbsp;&nbsp;&nbsp;&nbsp;&nbsp;&nbsp; Conter informa\u00e7\u00e3o pessoal (nome, morada, e-mail, telefone, identificadores de redes sociais, etc.);<\/p>\n<p>\u00b7&nbsp;&nbsp;&nbsp;&nbsp;&nbsp;&nbsp; Incluir an\u00fancios, promo\u00e7\u00f5es ou ofertas de qualquer tipo. Qualquer mensagem de recrutamento, prospe\u00e7\u00e3o ou parceria ser\u00e1 considerada como publicidade;<\/p>\n<p>\u00b7&nbsp;&nbsp;&nbsp;&nbsp;&nbsp;&nbsp; Conter hiperliga\u00e7\u00f5es para outros s\u00edtios ou Plataformas;<\/p>\n<p>\u00b7&nbsp;&nbsp;&nbsp;&nbsp;&nbsp;&nbsp; Abordar um assunto que n\u00e3o seja a linha editorial definida pelo Administrador da Plataforma;<\/p>\n<p>\u00b7&nbsp;&nbsp;&nbsp;&nbsp;&nbsp;&nbsp; Criticar ou julgar a interven\u00e7\u00e3o de outro participante.<\/p>\n<p>O n\u00e3o cumprimento das regras acima referidas resultar\u00e1 na elimina\u00e7\u00e3o do coment\u00e1rio ofensivo. Qualquer reincid\u00eancia pode resultar na suspens\u00e3o permanente da conta do Utilizador.<\/p>\n<p>O Administrador convida os Utilizadores a denunciar qualquer abuso atrav\u00e9s de contact-innovation@technisem.com.<\/p>\n<p><\/p>\n<h3>9. OBRIGA\u00c7\u00d5ES DO UTILIZADOR<\/h3>\n<p>O Utilizador \u00e9 obrigado a fazer uma utiliza\u00e7\u00e3o pac\u00edfica da Plataforma. O Utilizador compromete-se a n\u00e3o perturbar o funcionamento da Plataforma diretamente ou atrav\u00e9s de um intermedi\u00e1rio, a n\u00e3o lan\u00e7ar um ataque ao servidor da Plataforma, a n\u00e3o aceder aos servi\u00e7os da Plataforma por outros meios que n\u00e3o os fornecidos pelo Administrador, a n\u00e3o enviar v\u00edrus, clonar ou mesmo sobrecarregar os servidores da Plataforma. Finalmente, n\u00e3o modificar nenhuma parte da Plataforma.<\/p>\n<p><\/p>\n<h3>10. HIPERLIGA\u00c7\u00d5ES<\/h3>\n<p>Hiperliga\u00e7\u00f5es para sites de terceiros podem aparecer na Plataforma para efeitos de informa\u00e7\u00e3o. A sua presen\u00e7a n\u00e3o constitui uma valida\u00e7\u00e3o ou aprova\u00e7\u00e3o por parte do Administrador. Portanto, o Administrador n\u00e3o garante o conte\u00fado destes s\u00edtios e n\u00e3o pode ser responsabilizado por qualquer dano sofrido pelo Utilizador como resultado de clicar numa destas liga\u00e7\u00f5es.&nbsp;<\/p>\n<p><\/p>\n<h3>11. CL\u00c1USULA DE LIMITA\u00c7\u00c3O DE RESPONSABILIDADE<\/h3>\n<p>O Utilizador \u00e9 independente e aut\u00f3nomo. Para este fim, \u00e9 o \u00fanico respons\u00e1vel por qualquer dano que possa criar, bem como por todas as formalidades, obriga\u00e7\u00f5es, responsabilidades e encargos que possam estar ligados \u00e0s suas atividades e qualquer contribui\u00e7\u00e3o que possa ter apresentado na Plataforma.<\/p>\n<p>O Administrador n\u00e3o ser\u00e1 respons\u00e1vel por qualquer limita\u00e7\u00e3o no acesso \u00e0 Plataforma resultante de for\u00e7a maior. Isto inclui, mas n\u00e3o est\u00e1 limitado a, condi\u00e7\u00f5es meteorol\u00f3gicas excecionais, greves totais ou parciais dentro ou fora da empresa, lock-outs, epidemias, bloqueio de meios de transporte, falha da rede de telecomunica\u00e7\u00f5es e todos os outros casos previstos por lei e regulamentos.&nbsp;<\/p>\n<p>A qualquer momento, a empresa TECHNISEM pode suspender permanente ou permanentemente a Plataforma Ambassadeur. TECHNISEM n\u00e3o assumir\u00e1 qualquer responsabilidade resultante de tal suspens\u00e3o. Al\u00e9m disso, as Contribui\u00e7\u00f5es em curso ser\u00e3o encerradas tal como na data do encerramento efetivo.<\/p>\n<p><\/p>\n<p>&nbsp;<\/p>\n<h3>12. PROTEC\u00c7\u00c3O DE DADOS PESSOAIS<\/h3>\n<p>A Plataforma recolhe dados pessoais quando a conta de utilizador \u00e9 criada. Isto inclui nome, endere\u00e7o de e-mail e n\u00famero de telefone. Consulte a nossa pol\u00edtica de prote\u00e7\u00e3o de dados[A1]&nbsp; para mais pormenores sobre o processamento de dados pessoais.<\/p>\n<p><\/p>\n<h3>13.&nbsp; DISPOSI\u00c7\u00d5ES DIVERSAS<\/h3>\n<p>O cancelamento de uma ou mais das cl\u00e1usulas do presente documento n\u00e3o implica a nulidade de toda a GTU. O Utilizador permanece, portanto, vinculado pelas outras cl\u00e1usulas ainda em vigor, se existirem.<\/p>\n<p><\/p>\n<h3>14. LEI APLIC\u00c1VEL &amp; JURISDI\u00c7\u00c3O COMPETENTE<\/h3>\n<p>A lei francesa deve ser utilizada para a interpreta\u00e7\u00e3o destas condi\u00e7\u00f5es. Em caso de lit\u00edgio, ser\u00e1 prefer\u00edvel uma resolu\u00e7\u00e3o amig\u00e1vel.<\/p>\n<p>Na aus\u00eancia de um acordo amig\u00e1vel, os tribunais franceses ter\u00e3o jurisdi\u00e7\u00e3o para julgar quaisquer lit\u00edgios decorrentes da utiliza\u00e7\u00e3o da Plataforma.<\/p>\n<p><\/p>\n<h3>15.&nbsp; L\u00cdNGUA<\/h3>\n<p>Em caso de dificuldades de interpreta\u00e7\u00e3o, prevalece a vers\u00e3o francesa destas condi\u00e7\u00f5es.<\/p>\n","protected":false},"excerpt":{"rendered":"<p>O presente texto rege as condi\u00e7\u00f5es em que os Utilizadores ter\u00e3o acesso aos servi\u00e7os oferecidos pela Plataforma Ambassadeur, e especifica as obriga\u00e7\u00f5es a que est\u00e3o vinculados. O acesso \u00e0 Plataforma est\u00e1 sujeito \u00e0 aceita\u00e7\u00e3o total destes termos. INFORMA\u00c7\u00c3O LEGAL: A Plataforma Ambassadeur est\u00e1 dispon\u00edvel em www.technisem-innovation.com (daqui em diante o &#8220;Site&#8221;) e \u00e9 propriedade de: [&hellip;]<\/p>\n","protected":false},"author":1,"featured_media":0,"parent":0,"menu_order":0,"comment_status":"closed","ping_status":"closed","template":"","meta":{"_acf_changed":false,"footnotes":""},"class_list":["post-46017","page","type-page","status-publish","hentry"],"acf":[],"_links":{"self":[{"href":"https:\/\/www.technisem-innovation.com\/pt-pt\/wp-json\/wp\/v2\/pages\/46017","targetHints":{"allow":["GET"]}}],"collection":[{"href":"https:\/\/www.technisem-innovation.com\/pt-pt\/wp-json\/wp\/v2\/pages"}],"about":[{"href":"https:\/\/www.technisem-innovation.com\/pt-pt\/wp-json\/wp\/v2\/types\/page"}],"author":[{"embeddable":true,"href":"https:\/\/www.technisem-innovation.com\/pt-pt\/wp-json\/wp\/v2\/users\/1"}],"replies":[{"embeddable":true,"href":"https:\/\/www.technisem-innovation.com\/pt-pt\/wp-json\/wp\/v2\/comments?post=46017"}],"version-history":[{"count":2,"href":"https:\/\/www.technisem-innovation.com\/pt-pt\/wp-json\/wp\/v2\/pages\/46017\/revisions"}],"predecessor-version":[{"id":46019,"href":"https:\/\/www.technisem-innovation.com\/pt-pt\/wp-json\/wp\/v2\/pages\/46017\/revisions\/46019"}],"wp:attachment":[{"href":"https:\/\/www.technisem-innovation.com\/pt-pt\/wp-json\/wp\/v2\/media?parent=46017"}],"curies":[{"name":"wp","href":"https:\/\/api.w.org\/{rel}","templated":true}]}}